{"id":242549,"date":"2023-03-12T16:26:59","date_gmt":"2023-03-12T15:26:59","guid":{"rendered":"https:\/\/agentur-hauer.events\/?page_id=242549"},"modified":"2025-01-08T12:55:06","modified_gmt":"2025-01-08T11:55:06","slug":"agb","status":"publish","type":"page","link":"https:\/\/agentur-hauer.events\/de\/agb\/","title":{"rendered":"AGB"},"content":{"rendered":"\n<div class=\"wp-block-columns is-layout-flex wp-container-core-columns-is-layout-9d6595d7 wp-block-columns-is-layout-flex\">\n<div class=\"wp-block-column agbContainer leftPaddingPoint-3 is-layout-flow wp-block-column-is-layout-flow\">\n<p><\/p>\n<\/div>\n<\/div>\n\n\n\n<div class=\"wp-block-columns is-layout-flex wp-container-core-columns-is-layout-9d6595d7 wp-block-columns-is-layout-flex\">\n<div class=\"wp-block-column agbContainer leftPaddingPoint-3 is-layout-flow wp-block-column-is-layout-flow\">\n<div class=\"wp-block-columns is-layout-flex wp-container-core-columns-is-layout-9d6595d7 wp-block-columns-is-layout-flex\">\n<div class=\"wp-block-column is-layout-flow wp-block-column-is-layout-flow\">\n<div class=\"wp-block-columns is-layout-flex wp-container-core-columns-is-layout-9d6595d7 wp-block-columns-is-layout-flex\">\n<div class=\"wp-block-column is-layout-flow wp-block-column-is-layout-flow\">\n<h1 class=\"wp-block-heading\">Allgemeine Gesch\u00e4ftsbedingungen<\/h1>\n<\/div>\n<\/div>\n\n\n\n<h4 class=\"wp-block-heading\">1. Allgemeines<\/h4>\n\n\n\n<p>Nachstehende Allgemeine Gesch\u00e4ftsbedingungen (AGB) gelten f\u00fcr und in Erg\u00e4nzung aller Vertr\u00e4ge, Angebote, Auftragsbest\u00e4tigungen, Kalkulationen, Lieferungen oder sonstiger Leistungen mit und im Auftrag des Kunden der Agentur Hauer, Sigrun Hauer GmbH (Auftragnehmer), und sind wesentlicher Vertragsbestandteil zwischen den Vertragspartnern. Abweichenden Vorschriften und Gesch\u00e4ftsbedingungen des Vertragspartners (Auftraggeber) wird von der Agentur Hauer hiermit ausdr\u00fccklich widersprochen. Alle Nebenabreden bed\u00fcrfen der schriftlichen Form.<br>Die Agentur Hauer stellt dem Kunden die von der Agentur Hauer angebotenen Dienstleistungen auf der Grundlage der AGB zur Verf\u00fcgung. Soweit der Kunde die Dienstleistungen der Agentur Hauer in Anspruch nimmt bzw. der Agentur Hauer einen Auftrag durch Angebotsannahme erteilt, erkennt der Kunde die Geltung dieser AGB mit Annahme des Angebots und Unterzeichnung der diesbez\u00fcglichen Vereinbarung und\/oder der Auftragsbest\u00e4tigung ausdr\u00fccklich an.<\/p>\n\n\n\n<h4 class=\"wp-block-heading\">2. Beauftragung\/ Auftragsannahme<\/h4>\n\n\n\n<p>Bis zur Auftragsannahme und gegenseitigen Best\u00e4tigung sind alle Angebote freibleibend.<br>Die Anerkenntnis des Vertragsangebots erfolgt sp\u00e4testens mit Annahme\/ Best\u00e4tigung des Angebotes durch den Auftraggeber oder mit der ersten Lieferung oder Leistung des Auftragnehmers.<\/p>\n\n\n\n<h4 class=\"wp-block-heading\">3. Preise<\/h4>\n\n\n\n<p>Alle Preise sind Nettobetr\u00e4ge. Hinzukommt die jeweils g\u00fcltige und dem Leistungsort entsprechende Mehrwertsteuer.<\/p>\n\n\n\n<h4 class=\"wp-block-heading\">4. Zahlung<\/h4>\n\n\n\n<p>Die Zahlungsbedingungen bzw. Abrechnung erfolgen wie in der Auftragsbest\u00e4tigung der Agentur Hauer vereinbart. Bei Vorleistungen von Fremdkosten durch die Agentur Hauer kann eine angemessene Vorauszahlung verlangt werden.<br>Bei Zahlungsverzug beh\u00e4lt sich die Agentur vor, Verzugszinsen gem\u00e4\u00df der gesetzlichen Regelung in H\u00f6he von 9 %-Punkte (5 %-Punkte bei Verbrauchern) \u00fcber dem jeweiligen Basiszinssatz zu berechnen. Die Geltendmachung weiteren Verzugsschadens ist hierdurch nicht ausgeschlossen.<\/p>\n\n\n\n<h4 class=\"wp-block-heading\">5. Stornierungskosten<\/h4>\n\n\n\n<p>Nach erteilter Beauftragung sind bei einer Absage der Veranstaltung bis zum 60. Kalendertag vor Veranstaltungsbeginn 70 % des vereinbarten Honorars an die Agentur Hauer zu bezahlen. Bis zum 30. Kalendertag vor Veranstaltungsbeginn sind 80 % des Honorars zu bezahlen, ab dem 29. Kalendertag vor Veranstaltungsbeginn sind 100 % des Honorars (Eventpreises) zu bezahlen. <\/p>\n\n\n\n<p>Bis zum Zeitpunkt der Stornierung von der Agentur Hauer bereits verauslagte Fremdkosten werden zu 100 % zur Zahlung durch den Auftraggeber f\u00e4llig.<br>Diese Regelungen gelten, solange keine andere g\u00fcltige Regelung mit dem Auftraggeber (Veranstalter) getroffen ist.<\/p>\n\n\n\n<h4 class=\"wp-block-heading\">6. Aufhebung des Vertrages wegen au\u00dfergew\u00f6hnlichen Umst\u00e4nden<\/h4>\n\n\n\n<p>Wird die Durchf\u00fchrung der Veranstaltung nach Vertragsabschluss infolge nicht vorhersehbarer h\u00f6herer Gewalt oder infolge von Umst\u00e4nden, die eine Leistungserbringung der Agentur Hauer beeintr\u00e4chtigen, insbesondere von solchen au\u00dferhalb der Einflusssph\u00e4re der Agentur Hauer, erheblich erschwert, gef\u00e4hrdet oder beeintr\u00e4chtigt, so kann der Veranstalter, als auch die Agentur Hauer den Vertrag au\u00dferordentlich k\u00fcndigen.<\/p>\n\n\n\n<p>Wird der Vertrag au\u00dferordentlich gek\u00fcndigt, so ist die Agentur Hauer berechtigt, f\u00fcr die bereits von ihr erbrachten oder noch zu erbringenden Leistungen eine prozentuale Entsch\u00e4digung, je nach Zeitpunkt der Beendigung (die Regelung in Ziffer 5 gilt entsprechend) und\/ oder entsprechend dem bis zu diesem Zeitpunkt geleisteten Aufwand (gem\u00e4\u00df Nachweis), in Ansatz zu bringen.<br>Bis zum Zeitpunkt der K\u00fcndigung werden von der Agentur bereits verauslagte Fremdkosten zu 100 % zur Zahlung f\u00e4llig; nach der K\u00fcndigung erfolgt kein Erstattung durch die Agentur Hauer an den Kunden von Zahlungen f\u00fcr bereits angefallene und geleistete Fremdkosten des Kunden.<\/p>\n\n\n\n<h4 class=\"wp-block-heading\">7. K\u00fcndigung bei Zahlungsverzug und Vertragsverletzung<\/h4>\n\n\n\n<p>Die Agentur Hauer kann den Vertrag nach zweimaliger erfolgsloser Mahnung fristlos k\u00fcndigen, wenn die vereinbarten Teilzahlungen auf das Honorar durch den Kunden nicht zum gesetzten F\u00e4lligkeitszeitpunkt auf dem benannten Konto der Agentur Hauer eingehen und\/ oder der Kunde sich trotz entsprechender Abmahnung in starkem Ma\u00dfe vertragswidrig verh\u00e4lt. In diesem Fall sind das vereinbarte Honorar zu bezahlen und bereits angefallene Kosten abz\u00fcglich eventuell ersparter Aufwendungen zu erstatten.<br>Bei Anspr\u00fcchen Dritter hat der Kunde die Agentur Hauer freizustellen.<\/p>\n\n\n\n<h4 class=\"wp-block-heading\">8. Datenschutz\/ Urheberrecht\/ Nutzungsrechte<\/h4>\n\n\n\n<p>Die Agentur Hauer ist berechtigt, der Agentur Hauer anvertraute Daten des Kunden im Rahmen der Gesch\u00e4ftsbeziehung mit Datenverarbeitungsanlagen zu erfassen, zu speichern und zu verarbeiten und die der Agentur zur ordnungsgem\u00e4\u00dfen Durchf\u00fchrung des Auftrages \u00fcbermittelten personenbezogenen Daten Dritten gegen\u00fcber offen zu legen. Die Agentur Hauer wird dabei alle verh\u00e4ltnism\u00e4\u00dfigen und zumutbaren Vorkehrungen gegen Verlust und Zugriff unbefugter Dritter auf Daten des Kunden treffen und laufend dem jeweils bew\u00e4hrten Stand der Technik anpassen. Sofern die personenbezogenen Daten des Kunden aufgrund dessen Angaben gespeichert sind, steht dem Kunden jederzeit das Recht zu, Auskunft \u00fcber den Datenbestand zu erhalten und\/oder die Berichtigung der ihn betreffenden unrichtigen Daten oder die Vervollst\u00e4ndigung unvollst\u00e4ndiger Daten zu verlangen. Dem Kunden steht ebenfalls jederzeit das Recht zu, die unverz\u00fcgliche L\u00f6schung, Einschr\u00e4nkung der Verarbeitung oder Daten\u00fcbertragung der ihn betreffenden personenbezogenen Daten zu verlangen. Ausgenommen sind Daten zur buchhalterischen Abwicklung des Auftrages, soweit diese noch gespeichert bleiben m\u00fcssen, sowie Daten, die aus zwingenden gesetzlichen Gr\u00fcnden erst nach Ablauf vorgeschriebener Fristen gel\u00f6scht werden d\u00fcrfen.<br>S\u00e4mtliche Leistungen sind als pers\u00f6nliche geistige Sch\u00f6pfungen der Agentur Hauer durch das Gesetz \u00fcber Urheberrecht und verwandte Schutzrechte gesch\u00fctzt, dessen Regelungen grunds\u00e4tzlich als verbindlich vereinbart gelten. Jede Nachahmung \u2013 auch von Teilen der Leistung \u2013ist unzul\u00e4ssig.<br>Die Agentur Hauer \u00fcbertr\u00e4gt dem Kunden an den erbrachten Leistungen, Ideen, Entw\u00fcrfen und Gestaltungen lediglich das einfache Nutzungsrecht im vereinbarten Umfang, diese gehen jedoch nicht \u00fcber die konkret im Auftrag festgehaltenen Leistungen hinaus. Der Kunde darf die Leistungen der Agentur Hauer nur f\u00fcr jene Zwecke in Anspruch nehmen, f\u00fcr welche die Leistung bestellt, erworben und bezahlt wurde. Eine \u00dcbertragung der einger\u00e4umten Rechte an Dritte ist ohne vorherige schriftliche Zustimmung der Agentur Hauer nicht gestattet. Das Urheberrecht verbleibt stets bei der Agentur Hauer.<\/p>\n\n\n\n<h4 class=\"wp-block-heading\">9. Schweigepflicht<\/h4>\n\n\n\n<p>Die Parteien sind gegenseitig verpflichtet, \u00fcber s\u00e4mtliche ihnen bekannt werdende Einzelheiten, beispielsweise der Organisation, der Produktion, des Vertriebs, Adressen, sowie der mit ihr verbundenen oder in Gesch\u00e4ftsbeziehung stehenden Firmen, gegen\u00fcber Dritten absolutes Stillschweigen zu bewahren.<br>Diese Geheimhaltungspflicht gilt \u00fcber die Dauer des Vertrages hinaus.<\/p>\n\n\n\n<h4 class=\"wp-block-heading\">10. Haftung<\/h4>\n\n\n\n<p>Die Agentur Hauer tritt grunds\u00e4tzlich nicht als Veranstalter auf. Veranstalter ist allein der Auftraggeber. Dieser verpflichtet sich auch die Veranstaltungshaftpflichtversicherung abzuschlie\u00dfen, bzw. f\u00fcr eventuell entstandene Sch\u00e4den im Bereich der Veranstaltung \u2013 sei es Personen- oder Sachsch\u00e4den \u2013 aufzukommen.<\/p>\n\n\n\n<p>Ersatzanspr\u00fcche des Kunden im Falle einer einfach fahrl\u00e4ssigen Verletzung der sich aus dem Auftrag erebenden Pflichten durch die Agentur Hauer sind auf das Zweifache des vereinbarte Honorars beschr\u00e4nkt. F\u00fcr den Fall, dass der Kunde eine Erh\u00f6hung der Haftungssumme w\u00fcnscht, kann die Agentur eine entsprechend h\u00f6here Versicherung abschlie\u00dfen. Hinsichtlich der hierdurch anfallenden Kosten werden sich der Kunde und die Agentur Hauer gesondert verst\u00e4ndigen. Die vorstehende Haftungsbeschr\u00e4nkung gilt nicht f\u00fcr Sch\u00e4den aus der Verletzung des Lebens, des K\u00f6rpers oder der Gesundheit oder f\u00fcr Sch\u00e4den, die auf einer vors\u00e4tzlichen oder grob fahrl\u00e4ssigen Pflichtverletzung der Agentur Hauer oder eines gesetzlichen Vertreters oder Erf\u00fcllungsgehilfen der Agentur Hauer beruhen.<br>Unabh\u00e4ngig vom Vorstehenden haftet die Agentur Hauer nicht f\u00fcr die Leistungsf\u00e4higkeit und Leistungsbereitschaft sowie f\u00fcr M\u00e4ngel der Leistung von Dritten und deren Beauftragten, ebenso nicht f\u00fcr die Rechtzeitigkeit der Leistung dieser Personen oder sonstiger Leistungsst\u00f6rungen, die im Rahmen des Auftragsverh\u00e4ltnisses zu diesen Dritten auftreten k\u00f6nnen. Abs. 2 Satz 4 gilt entsprechend.<\/p>\n\n\n\n<h4 class=\"wp-block-heading\">11. Gerichtsstand und Erf\u00fcllungsort<\/h4>\n\n\n\n<p>F\u00fcr das Vertragsverh\u00e4ltnis gilt deutsches Recht.<br>Gerichtsstand und Erf\u00fcllungsort ist, wenn der Auftraggeber Vollkaufmann ist und der Vertrag zum Vertrieb eines Handelsgewerbes geh\u00f6rt, f\u00fcr beide Vertragsparteien der Sitz des Auftragnehmers. Abweichende Vereinbarungen oder Nebenabreden bed\u00fcrfen zu ihrer Wirksamkeit der Schriftform.<\/p>\n\n\n\n<h4 class=\"wp-block-heading\">12. Salvatorische Klausel<\/h4>\n\n\n\n<p>Sollten einzelne Bestimmungen dieses Vertrages unwirksam oder undurchf\u00fchrbar sein oder nach Vertragsabschluss unwirksam oder undurchf\u00fchrbar werden, bleibt davon die Wirksamkeit des Vertrages im \u00dcbrigen unber\u00fchrt. An die Stelle der unwirksamen oder undurchf\u00fchrbaren Bestimmung soll diejenige wirksame und durchf\u00fchrbare Regelung in Kraft treten, deren Wirkungen der wirtschaftlichen Zielsetzung am n\u00e4chsten kommen, die die Vertragsparteien mit der unwirksamen bzw. undurchf\u00fchrbaren Bestimmung verfolgt haben. Die vorstehenden Bestimmungen gelten entsprechend f\u00fcr den Fall, dass sich der Vertrag als l\u00fcckenhaft erweist.<\/p>\n\n\n\n<div style=\"height:52px\" aria-hidden=\"true\" class=\"wp-block-spacer\"><\/div>\n\n\n\n<p><strong>M\u00fcnchen im Juni 2023<\/strong><\/p>\n\n\n\n<div style=\"height:100px\" aria-hidden=\"true\" class=\"wp-block-spacer\"><\/div>\n<\/div>\n<\/div>\n<\/div>\n<\/div>\n","protected":false},"excerpt":{"rendered":"<p>Allgemeine Gesch\u00e4ftsbedingungen 1. Allgemeines Nachstehende Allgemeine Gesch\u00e4ftsbedingungen (AGB) gelten f\u00fcr und in Erg\u00e4nzung aller Vertr\u00e4ge, Angebote, Auftragsbest\u00e4tigungen, Kalkulationen, Lieferungen oder sonstiger Leistungen mit und im Auftrag des Kunden der Agentur Hauer, Sigrun Hauer GmbH (Auftragnehmer), und sind wesentlicher Vertragsbestandteil zwischen den Vertragspartnern. Abweichenden Vorschriften und Gesch\u00e4ftsbedingungen des Vertragspartners (Auftraggeber) wird von der Agentur Hauer hiermit [&hellip;]<\/p>\n","protected":false},"author":3,"featured_media":0,"parent":0,"menu_order":0,"comment_status":"closed","ping_status":"closed","template":"","meta":{"_et_pb_use_builder":"off","_et_pb_old_content":"","_et_gb_content_width":"1200","footnotes":""},"class_list":["post-242549","page","type-page","status-publish","hentry"],"_links":{"self":[{"href":"https:\/\/agentur-hauer.events\/de\/wp-json\/wp\/v2\/pages\/242549","targetHints":{"allow":["GET"]}}],"collection":[{"href":"https:\/\/agentur-hauer.events\/de\/wp-json\/wp\/v2\/pages"}],"about":[{"href":"https:\/\/agentur-hauer.events\/de\/wp-json\/wp\/v2\/types\/page"}],"author":[{"embeddable":true,"href":"https:\/\/agentur-hauer.events\/de\/wp-json\/wp\/v2\/users\/3"}],"replies":[{"embeddable":true,"href":"https:\/\/agentur-hauer.events\/de\/wp-json\/wp\/v2\/comments?post=242549"}],"version-history":[{"count":23,"href":"https:\/\/agentur-hauer.events\/de\/wp-json\/wp\/v2\/pages\/242549\/revisions"}],"predecessor-version":[{"id":242720,"href":"https:\/\/agentur-hauer.events\/de\/wp-json\/wp\/v2\/pages\/242549\/revisions\/242720"}],"wp:attachment":[{"href":"https:\/\/agentur-hauer.events\/de\/wp-json\/wp\/v2\/media?parent=242549"}],"curies":[{"name":"wp","href":"https:\/\/api.w.org\/{rel}","templated":true}]}}